{"id":8355,"date":"2025-10-21T14:40:50","date_gmt":"2025-10-21T11:40:50","guid":{"rendered":"https:\/\/modatasarim.avrasya.edu.tr\/?page_id=8355"},"modified":"2025-10-21T14:40:50","modified_gmt":"2025-10-21T11:40:50","slug":"komisyon-sorumlular","status":"publish","type":"page","link":"https:\/\/modatasarim.avrasya.edu.tr\/?page_id=8355","title":{"rendered":"Komisyon\/Sorumlular"},"content":{"rendered":"\n<p><strong>\u0130ntibak Komisyonu<\/strong><br>\u00d6\u011fr. G\u00f6r. Mahmut Emre \u00d6ZDEN<br>\u00d6\u011fr. G\u00f6r \u00a0Sadiye Zi\u015fan BAYKARA<br>\u00d6\u011fr. G\u00f6r. Burcu TARAKCI<br><strong>De\u011fi\u015fim Program\u0131 Sorumlusu<\/strong><br>\u00d6\u011fr. G\u00f6r. Mahmut Emre \u00d6ZDEN<br><strong>Stratejik Plan\/B\u0130DR Sorumlusu<\/strong><br>\u00d6\u011fr. G\u00f6r. Sadiye Zi\u015fan BAYKARA<br><strong>Proje Sorumlusu<\/strong><br>\u00d6\u011fr. G\u00f6r. Burcu TARAKCI<br><strong>Mezun \u0130zleme Sorumlusu<\/strong><br>\u00d6\u011fr. G\u00f6r. \u00a0Mahmut Emre \u00d6ZDEN<\/p>\n","protected":false},"excerpt":{"rendered":"<p>\u0130ntibak Komisyonu\u00d6\u011fr. G\u00f6r. Mahmut Emre \u00d6ZDEN\u00d6\u011fr. G\u00f6r \u00a0Sadiye Zi\u015fan BAYKARA\u00d6\u011fr. G\u00f6r. Burcu TARAKCIDe\u011fi\u015fim Program\u0131 Sorumlusu\u00d6\u011fr. G\u00f6r. Mahmut Emre \u00d6ZDENStratejik Plan\/B\u0130DR Sorumlusu\u00d6\u011fr. G\u00f6r. Sadiye Zi\u015fan BAYKARAProje Sorumlusu\u00d6\u011fr. G\u00f6r. Burcu TARAKCIMezun \u0130zleme [&hellip;]<\/p>\n","protected":false},"author":1,"featured_media":0,"parent":0,"menu_order":0,"comment_status":"closed","ping_status":"closed","template":"","meta":{"footnotes":""},"class_list":["post-8355","page","type-page","status-publish","hentry"],"_links":{"self":[{"href":"https:\/\/modatasarim.avrasya.edu.tr\/index.php?rest_route=\/wp\/v2\/pages\/8355","targetHints":{"allow":["GET"]}}],"collection":[{"href":"https:\/\/modatasarim.avrasya.edu.tr\/index.php?rest_route=\/wp\/v2\/pages"}],"about":[{"href":"https:\/\/modatasarim.avrasya.edu.tr\/index.php?rest_route=\/wp\/v2\/types\/page"}],"author":[{"embeddable":true,"href":"https:\/\/modatasarim.avrasya.edu.tr\/index.php?rest_route=\/wp\/v2\/users\/1"}],"replies":[{"embeddable":true,"href":"https:\/\/modatasarim.avrasya.edu.tr\/index.php?rest_route=%2Fwp%2Fv2%2Fcomments&post=8355"}],"version-history":[{"count":2,"href":"https:\/\/modatasarim.avrasya.edu.tr\/index.php?rest_route=\/wp\/v2\/pages\/8355\/revisions"}],"predecessor-version":[{"id":8372,"href":"https:\/\/modatasarim.avrasya.edu.tr\/index.php?rest_route=\/wp\/v2\/pages\/8355\/revisions\/8372"}],"wp:attachment":[{"href":"https:\/\/modatasarim.avrasya.edu.tr\/index.php?rest_route=%2Fwp%2Fv2%2Fmedia&parent=8355"}],"curies":[{"name":"wp","href":"https:\/\/api.w.org\/{rel}","templated":true}]}}