{"id":8356,"date":"2025-10-21T14:41:29","date_gmt":"2025-10-21T11:41:29","guid":{"rendered":"https:\/\/modatasarim.avrasya.edu.tr\/?page_id=8356"},"modified":"2025-11-24T14:11:49","modified_gmt":"2025-11-24T11:11:49","slug":"program-ogretim-amaclari","status":"publish","type":"page","link":"https:\/\/modatasarim.avrasya.edu.tr\/?page_id=8356","title":{"rendered":"Program \u00d6\u011fretim Ama\u00e7lar\u0131"},"content":{"rendered":"\n<p><strong>P\u00d6A1:<\/strong>\u00a0<strong>Tasar\u0131m Yetkinli\u011fi Kazand\u0131rmak:<\/strong> \u00d6\u011frencilerin moda tasar\u0131m\u0131 s\u00fcrecinin her a\u015famas\u0131n\u0131 (ara\u015ft\u0131rma, tasar\u0131m geli\u015ftirme, model olu\u015fturma, kal\u0131p haz\u0131rlama, \u00fcretim ve sunum) uygulamal\u0131 olarak \u00f6\u011frenmelerini sa\u011flamak.<\/p>\n\n\n\n<p><strong>P\u00d6A2:<\/strong>\u00a0<strong>Teknik Bilgi ve Beceri Geli\u015ftirmek:<\/strong> Giyim teknolojileri, kuma\u015f bilgisi, diki\u015f teknikleri, kal\u0131p haz\u0131rlama, drapaj ve \u00fcretim s\u00fcre\u00e7lerine ili\u015fkin teknik yeterlilik kazand\u0131rmak.<\/p>\n\n\n\n<p><strong>P\u00d6A3:<\/strong> <strong>Yarat\u0131c\u0131l\u0131\u011f\u0131 ve Estetik Duyguyu Geli\u015ftirmek:<\/strong> Moda trendlerini izleyebilen, \u00f6zg\u00fcn tasar\u0131mlar geli\u015ftirebilen ve sanatsal y\u00f6n\u00fc g\u00fc\u00e7l\u00fc bireyler yeti\u015ftirmek.<\/p>\n\n\n\n<p><strong>P\u00d6A4:<\/strong> <strong>Moda End\u00fcstrisine Uyum Sa\u011flamak: <\/strong>\u00d6\u011frencilere moda sekt\u00f6r\u00fcnde yer alan \u00fcretim, pazarlama, koleksiyon haz\u0131rlama ve marka y\u00f6netimi s\u00fcre\u00e7lerine ili\u015fkin bilgi kazand\u0131rmak.<\/p>\n\n\n\n<p><strong>P\u00d6A5: Tak\u0131m \u00c7al\u0131\u015fmas\u0131 ve \u0130leti\u015fim Becerileri:<\/strong>\u00a0 Moda alan\u0131nda \u00e7ok disiplinli ekiplerle uyum i\u00e7inde \u00e7al\u0131\u015fabilen, etkili ileti\u015fim kurabilen bireyler yeti\u015ftirmek.<\/p>\n\n\n\n<p><strong>P\u00d6A6:<\/strong> <strong>Mesleki Etik ve Sorumluluk Bilinci Kazand\u0131rmak:<\/strong>\u00a0 S\u00fcrd\u00fcr\u00fclebilir moda, \u00e7evreye duyarl\u0131l\u0131k ve etik \u00fcretim anlay\u0131\u015f\u0131n\u0131 benimseyen bireyler yeti\u015ftirmek.<\/p>\n\n\n\n<p><strong>P\u00d6A7: Giri\u015fimcilik ve Yenilik\u00e7ilik:<\/strong> \u00d6\u011frencilere kendi moda markas\u0131n\u0131 olu\u015fturma, koleksiyon geli\u015ftirme ve sekt\u00f6rde yenilik\u00e7i yakla\u015f\u0131mlar ortaya koyma becerisi kazand\u0131rmak.<\/p>\n\n\n\n<p><strong>P\u00d6A8:<\/strong> <strong>Alan\u0131nda S\u00fcrekli \u00d6\u011frenme ve Geli\u015fim:<\/strong>\u00a0 Moda alan\u0131ndaki yenilikleri takip edebilen, ya\u015fam boyu \u00f6\u011frenmeye a\u00e7\u0131k bireyler olarak geli\u015fimlerini s\u00fcrd\u00fcrebilme bilinci kazand\u0131rmak.<\/p>\n","protected":false},"excerpt":{"rendered":"<p>P\u00d6A1:\u00a0Tasar\u0131m Yetkinli\u011fi Kazand\u0131rmak: \u00d6\u011frencilerin moda tasar\u0131m\u0131 s\u00fcrecinin her a\u015famas\u0131n\u0131 (ara\u015ft\u0131rma, tasar\u0131m geli\u015ftirme, model olu\u015fturma, kal\u0131p haz\u0131rlama, \u00fcretim ve sunum) uygulamal\u0131 olarak \u00f6\u011frenmelerini sa\u011flamak. P\u00d6A2:\u00a0Teknik Bilgi ve Beceri Geli\u015ftirmek: Giyim teknolojileri, [&hellip;]<\/p>\n","protected":false},"author":1,"featured_media":0,"parent":0,"menu_order":0,"comment_status":"closed","ping_status":"closed","template":"","meta":{"footnotes":""},"class_list":["post-8356","page","type-page","status-publish","hentry"],"_links":{"self":[{"href":"https:\/\/modatasarim.avrasya.edu.tr\/index.php?rest_route=\/wp\/v2\/pages\/8356","targetHints":{"allow":["GET"]}}],"collection":[{"href":"https:\/\/modatasarim.avrasya.edu.tr\/index.php?rest_route=\/wp\/v2\/pages"}],"about":[{"href":"https:\/\/modatasarim.avrasya.edu.tr\/index.php?rest_route=\/wp\/v2\/types\/page"}],"author":[{"embeddable":true,"href":"https:\/\/modatasarim.avrasya.edu.tr\/index.php?rest_route=\/wp\/v2\/users\/1"}],"replies":[{"embeddable":true,"href":"https:\/\/modatasarim.avrasya.edu.tr\/index.php?rest_route=%2Fwp%2Fv2%2Fcomments&post=8356"}],"version-history":[{"count":5,"href":"https:\/\/modatasarim.avrasya.edu.tr\/index.php?rest_route=\/wp\/v2\/pages\/8356\/revisions"}],"predecessor-version":[{"id":8460,"href":"https:\/\/modatasarim.avrasya.edu.tr\/index.php?rest_route=\/wp\/v2\/pages\/8356\/revisions\/8460"}],"wp:attachment":[{"href":"https:\/\/modatasarim.avrasya.edu.tr\/index.php?rest_route=%2Fwp%2Fv2%2Fmedia&parent=8356"}],"curies":[{"name":"wp","href":"https:\/\/api.w.org\/{rel}","templated":true}]}}