{"id":8357,"date":"2025-10-21T14:41:55","date_gmt":"2025-10-21T11:41:55","guid":{"rendered":"https:\/\/modatasarim.avrasya.edu.tr\/?page_id=8357"},"modified":"2025-11-24T14:12:35","modified_gmt":"2025-11-24T11:12:35","slug":"program-ogrenim-ciktilari","status":"publish","type":"page","link":"https:\/\/modatasarim.avrasya.edu.tr\/?page_id=8357","title":{"rendered":"Program \u00d6\u011frenim \u00c7\u0131kt\u0131lar\u0131"},"content":{"rendered":"\n<p><strong>P\u00d6\u00c71:\u00a0<\/strong>Moda tasar\u0131m\u0131 alan\u0131nda temel teorik bilgi ve beceriye sahip olma<\/p>\n\n\n\n<p><strong>P\u00d6\u00c72:<\/strong>\u00a0Mesle\u011fi ile ilgili olarak alm\u0131\u015f oldu\u011fu teorik bilgileri ger\u00e7ek bir i\u015f ortam\u0131nda uygulayabilme, verileri yorumlayabilme ve analiz etme becerisine sahip olma<\/p>\n\n\n\n<p><strong>P\u00d6\u00c73:<\/strong>\u00a0Alan\u0131yla ilgili \u00e7al\u0131\u015fmalar\u0131 y\u00fcr\u00fctecek, bu s\u00fcre\u00e7te ara\u015ft\u0131rma projeleri planlayacak, uygulama projesinde yer alabilecek \u00f6zg\u00fcvene ve yetkinli\u011fe sahip olma<\/p>\n\n\n\n<p><strong>P\u00d6\u00c74:\u00a0<\/strong>Alan\u0131yla ilgili konularda ilgili ki\u015fi ve kurumlarla i\u015fbirli\u011fi yapabilecek d\u00fczeyde kendisini yaz\u0131l\u0131, s\u00f6zl\u00fc ve g\u00f6rsel olarak ifade edebilme yetene\u011fine sahip olma P\u00d6\u00c75:\u00a0Moda tasar\u0131m\u0131 ile ilgili bilgisayar programlar\u0131ndan en az birini iyi derecede kullanabilme<\/p>\n\n\n\n<p><strong>P\u00d6\u00c76:\u00a0<\/strong>Mesle\u011finde payla\u015f\u0131mc\u0131 ve kat\u0131l\u0131mc\u0131, \u00e7a\u011fda\u015f, yenilik\u00e7i, konusuyla ilgili bilgi teknolojilerinden yararlanabilen, ya\u015fam boyu \u00f6\u011frenme yetisini s\u00fcrd\u00fcrebilme \u00f6zelliklerine sahip olma<\/p>\n\n\n\n<p><strong>P\u00d6\u00c77:\u00a0<\/strong>Teknik kavramlar\u0131 irdeleyerek tasar\u0131m olgusunu sorgulayan ve d\u00fc\u015f\u00fcnerek tasarlama eylemini ya\u015fam bi\u00e7imi haline d\u00f6n\u00fc\u015ft\u00fcrebilme<br><br><strong>P\u00d6\u00c78:<\/strong>\u00a0Mesle\u011fin sorunlar\u0131n\u0131 anlay\u0131p yorumlayarak, fikirlerini s\u00f6zl\u00fc veya yaz\u0131l\u0131, a\u00e7\u0131k bir \u015fekilde ifade edebilme<\/p>\n\n\n\n<p><strong>P\u00d6\u00c79:<\/strong>\u00a0Mesleki etik ve k\u00fclt\u00fcrel de\u011ferlere sahip olma<\/p>\n\n\n\n<p><strong>P\u00d6\u00c710:<\/strong> Alan\u0131nda edindi\u011fi bilgi ve beceriler ile ya\u015fam boyu \u00f6\u011frenmeye ili\u015fkin olumlu tutum geli\u015ftirme<\/p>\n\n\n\n<p><strong>P\u00d6\u00c711:<\/strong>\u00a0Birey olarak yarat\u0131c\u0131 ve g\u00fc\u00e7l\u00fc y\u00f6nlerinin fark\u0131na varma ve kullanma<\/p>\n\n\n\n<p><strong>P\u00d6\u00c712: <\/strong>\u00d6\u011frenme gereksinimlerini belirleme ve bu gereksinimlerini kar\u015f\u0131lama<\/p>\n","protected":false},"excerpt":{"rendered":"<p>P\u00d6\u00c71:\u00a0Moda tasar\u0131m\u0131 alan\u0131nda temel teorik bilgi ve beceriye sahip olma P\u00d6\u00c72:\u00a0Mesle\u011fi ile ilgili olarak alm\u0131\u015f oldu\u011fu teorik bilgileri ger\u00e7ek bir i\u015f ortam\u0131nda uygulayabilme, verileri yorumlayabilme ve analiz etme becerisine sahip [&hellip;]<\/p>\n","protected":false},"author":1,"featured_media":0,"parent":0,"menu_order":0,"comment_status":"closed","ping_status":"closed","template":"","meta":{"footnotes":""},"class_list":["post-8357","page","type-page","status-publish","hentry"],"_links":{"self":[{"href":"https:\/\/modatasarim.avrasya.edu.tr\/index.php?rest_route=\/wp\/v2\/pages\/8357","targetHints":{"allow":["GET"]}}],"collection":[{"href":"https:\/\/modatasarim.avrasya.edu.tr\/index.php?rest_route=\/wp\/v2\/pages"}],"about":[{"href":"https:\/\/modatasarim.avrasya.edu.tr\/index.php?rest_route=\/wp\/v2\/types\/page"}],"author":[{"embeddable":true,"href":"https:\/\/modatasarim.avrasya.edu.tr\/index.php?rest_route=\/wp\/v2\/users\/1"}],"replies":[{"embeddable":true,"href":"https:\/\/modatasarim.avrasya.edu.tr\/index.php?rest_route=%2Fwp%2Fv2%2Fcomments&post=8357"}],"version-history":[{"count":4,"href":"https:\/\/modatasarim.avrasya.edu.tr\/index.php?rest_route=\/wp\/v2\/pages\/8357\/revisions"}],"predecessor-version":[{"id":8462,"href":"https:\/\/modatasarim.avrasya.edu.tr\/index.php?rest_route=\/wp\/v2\/pages\/8357\/revisions\/8462"}],"wp:attachment":[{"href":"https:\/\/modatasarim.avrasya.edu.tr\/index.php?rest_route=%2Fwp%2Fv2%2Fmedia&parent=8357"}],"curies":[{"name":"wp","href":"https:\/\/api.w.org\/{rel}","templated":true}]}}